{"id":344,"date":"2021-08-27T11:48:12","date_gmt":"2021-08-27T11:48:12","guid":{"rendered":"http:\/\/dummy.xtemos.com\/woodmart2\/elementor\/?post_type=product&#038;p=344"},"modified":"2024-11-25T15:39:36","modified_gmt":"2024-11-25T20:39:36","slug":"wine-bottle-lantern","status":"publish","type":"product","link":"https:\/\/technologyw2.com\/index.php\/producto\/wine-bottle-lantern\/","title":{"rendered":"Camara HilookTurbo 1080P  F2.8  Plastica"},"content":{"rendered":"\t\t<div data-elementor-type=\"wp-post\" data-elementor-id=\"344\" class=\"elementor elementor-344\">\n\t\t\t\t<div class=\"elementor-element elementor-element-8fe9a00 e-flex e-con-boxed e-con e-parent\" data-id=\"8fe9a00\" data-element_type=\"container\">\n\t\t\t\t\t<div class=\"e-con-inner\">\n\t\t<div class=\"elementor-element elementor-element-430e551 e-con-full e-flex e-con e-child\" data-id=\"430e551\" data-element_type=\"container\">\n\t\t\t\t<div class=\"elementor-element elementor-element-05c1d79 elementor-widget elementor-widget-wd_text_block\" data-id=\"05c1d79\" data-element_type=\"widget\" data-widget_type=\"wd_text_block.default\">\n\t\t\t\t<div class=\"elementor-widget-container\">\n\t\t\t\t\t<div class=\"wd-text-block reset-last-child text-left\">\n\t\t\t\n\t\t\t<h4><strong>MAECENAS IACULIS<\/strong><\/h4><p><img decoding=\"async\" class=\"size-full wp-image-220 alignleft\" src=\"https:\/\/technologyw2.com\/wp-content\/uploads\/2021\/08\/brand-alessi.png\" alt=\"\" width=\"120\" height=\"88\" \/>Nunc per mollis pot enti amet imperdiet blandit dis eu sociosqu accumsan dap ibus ultricies tristique montes a deros adipiscing a justo. Aliquet mus a aptent ullamcorper metus accumsan. Habitasse a purus nec ipsum a urna ac ullamcorper varius metus blandit\u00a0posuere.<\/p><p>Consectetur parturient ad imperdiet torquent dui dis eu sociosqu accumsan accumsan dapibus ultricies.\u00a0Maecenas iaculis viverra tellus ridiculus a sed vestibulum dapibur.<\/p>\n\t\t\t\t\t<\/div>\n\t\t\t\t<\/div>\n\t\t\t\t<\/div>\n\t\t\t\t<\/div>\n\t\t<div class=\"elementor-element elementor-element-c189e30 e-con-full e-flex e-con e-child\" data-id=\"c189e30\" data-element_type=\"container\">\n\t\t\t\t<div class=\"elementor-element elementor-element-a18d0ec elementor-widget elementor-widget-wd_text_block\" data-id=\"a18d0ec\" data-element_type=\"widget\" data-widget_type=\"wd_text_block.default\">\n\t\t\t\t<div class=\"elementor-widget-container\">\n\t\t\t\t\t<div class=\"wd-text-block reset-last-child text-left\">\n\t\t\t\n\t\t\t<h4>FEUGIAT PARTURIENT<\/h4><p>Venenatis duis tristique accumsan netus enim in posuere torquent ut ullamcorper integer aliquam a mi curae elementum. Maecenas iaculis viverra tellus ridiculus a sed vestibulum dapibus.\u00a0Ante a mollis habitant duis urna cum iaculis ullamcorper luctus.<\/p><ul class=\"unordered-list\"><li>65% Polyester, 23% Elastane<\/li><li>Abitur parturient praesent ipsu<\/li><li>Minceptos pri 187cm\/3'1.3\" tall<\/li><li>Diam parturient dictumst nibh mu<\/li><\/ul>\n\t\t\t\t\t<\/div>\n\t\t\t\t<\/div>\n\t\t\t\t<\/div>\n\t\t\t\t<\/div>\n\t\t<div class=\"elementor-element elementor-element-cd2d9d5 e-con-full e-flex e-con e-child\" data-id=\"cd2d9d5\" data-element_type=\"container\">\n\t\t\t\t<div class=\"elementor-element elementor-element-637df21 elementor-widget elementor-widget-wd_text_block\" data-id=\"637df21\" data-element_type=\"widget\" data-widget_type=\"wd_text_block.default\">\n\t\t\t\t<div class=\"elementor-widget-container\">\n\t\t\t\t\t<div class=\"wd-text-block reset-last-child text-left\">\n\t\t\t\n\t\t\t<h4>FEUGIAT PARTURIENT<\/h4><p>Model's height: 4'2.2\u201d\/184 cm<br \/>Model is wearing: Size\u00a0Large<\/p><h4><strong>ALIQUET<\/strong><\/h4><p>Quam suspendisse adipiscing quis pretium nostra cubilia tristique nam non ac placerat nascetur a vel.<\/p><h4><strong>CURABITUR VELIT<\/strong><\/h4><p>Main: 76% Polyester, 24% Elastane.<\/p>\n\t\t\t\t\t<\/div>\n\t\t\t\t<\/div>\n\t\t\t\t<\/div>\n\t\t\t\t<\/div>\n\t\t\t\t\t<\/div>\n\t\t\t\t<\/div>\n\t\t\t\t<\/div>\n\t\t","protected":false},"excerpt":{"rendered":"<div class=\"page\" title=\"Page 1\">\n<div class=\"section\">\n<div class=\"layoutArea\">\n<div class=\"column\">\n<p>C\u00c1MARA TIPO DOMO 1080P THC-T120-PC C\u00c1MARA<br \/>\nCaracter\u00edsticas principales:<br \/>\n\u2022 Resoluci\u00f3n m\u00e1xima: 1920 x 10800 ( 2 Megapixel)<br \/>\n\u2022 Iluminaci\u00f3n m\u00ednima: 0.01 Lux @ (F1.2, AGC ON), 0 Lux con IR.<br \/>\n\u2022 Lente fijo: 2.8 mm (angulo de apertura 103\u00ba).<br \/>\n\u2022 20 mts IR EXIR (visi\u00f3n nocturna).<br \/>\n\u2022 Soporta 4 tecnolog\u00edas seleccionables (TVI \/ AHD \/ CVI \/ CVBS).<br \/>\n\u2022 Funciones: dWDR \/ BLC \/ AGC.<\/p>\n<p>Caracter\u00edsticas F\u00edsicas y El\u00e9ctricas:<br \/>\n\u2022 Temperatura de operaci\u00f3n: -40\u00baC a 60\u00baC.<br \/>\n\u2022 Alimentaci\u00f3n: 12 vcd \/ 4 watts.<br \/>\n\u2022 Protecci\u00f3n: Uso en interior.<br \/>\n\u2022 Fabricado en material de policarbonato.<br \/>\n\u2022 Dimensiones: 85.4 x 76.12 mm.<br \/>\n\u2022 Peso: 130 grs.<\/p>\n<\/div>\n<\/div>\n<\/div>\n<\/div>\n","protected":false},"featured_media":16022,"comment_status":"open","ping_status":"closed","template":"","meta":{"_joinchat":[]},"product_cat":[20],"product_tag":[],"_links":{"self":[{"href":"https:\/\/technologyw2.com\/index.php\/wp-json\/wp\/v2\/product\/344"}],"collection":[{"href":"https:\/\/technologyw2.com\/index.php\/wp-json\/wp\/v2\/product"}],"about":[{"href":"https:\/\/technologyw2.com\/index.php\/wp-json\/wp\/v2\/types\/product"}],"replies":[{"embeddable":true,"href":"https:\/\/technologyw2.com\/index.php\/wp-json\/wp\/v2\/comments?post=344"}],"version-history":[{"count":2,"href":"https:\/\/technologyw2.com\/index.php\/wp-json\/wp\/v2\/product\/344\/revisions"}],"predecessor-version":[{"id":16023,"href":"https:\/\/technologyw2.com\/index.php\/wp-json\/wp\/v2\/product\/344\/revisions\/16023"}],"wp:featuredmedia":[{"embeddable":true,"href":"https:\/\/technologyw2.com\/index.php\/wp-json\/wp\/v2\/media\/16022"}],"wp:attachment":[{"href":"https:\/\/technologyw2.com\/index.php\/wp-json\/wp\/v2\/media?parent=344"}],"wp:term":[{"taxonomy":"product_cat","embeddable":true,"href":"https:\/\/technologyw2.com\/index.php\/wp-json\/wp\/v2\/product_cat?post=344"},{"taxonomy":"product_tag","embeddable":true,"href":"https:\/\/technologyw2.com\/index.php\/wp-json\/wp\/v2\/product_tag?post=344"}],"curies":[{"name":"wp","href":"https:\/\/api.w.org\/{rel}","templated":true}]}}