{"id":270,"date":"2021-08-26T14:54:11","date_gmt":"2021-08-26T14:54:11","guid":{"rendered":"http:\/\/dummy.xtemos.com\/woodmart2\/elementor\/?post_type=product&#038;p=270"},"modified":"2026-01-30T01:12:56","modified_gmt":"2026-01-30T06:12:56","slug":"classic-wooden-chair","status":"publish","type":"product","link":"https:\/\/technologyw2.com\/index.php\/producto\/classic-wooden-chair\/","title":{"rendered":"Enchufe inteligente  Zigbee 20a"},"content":{"rendered":"\t\t<div data-elementor-type=\"wp-post\" data-elementor-id=\"270\" class=\"elementor elementor-270\">\n\t\t\t\t<div class=\"elementor-element elementor-element-f6ae5c4 wd-section-stretch e-flex e-con-boxed e-con e-parent\" data-id=\"f6ae5c4\" data-element_type=\"container\" data-settings=\"{&quot;background_background&quot;:&quot;classic&quot;}\">\n\t\t\t\t\t<div class=\"e-con-inner\">\n\t\t<div class=\"elementor-element elementor-element-e613cf7 e-con-full e-flex e-con e-child\" data-id=\"e613cf7\" data-element_type=\"container\">\n\t\t\t\t<div class=\"elementor-element elementor-element-744594c elementor-widget elementor-widget-wd_image_or_svg\" data-id=\"744594c\" data-element_type=\"widget\" data-widget_type=\"wd_image_or_svg.default\">\n\t\t\t\t<div class=\"elementor-widget-container\">\n\t\t\t\n\t\t<div class=\"wd-image text-left\">\n\t\t\t\t\t\t\t\t<img fetchpriority=\"high\" decoding=\"async\" width=\"700\" height=\"467\" src=\"https:\/\/technologyw2.com\/wp-content\/uploads\/2021\/08\/classic-wooden-chair-img-1.jpg\" class=\"attachment-full size-full\" alt=\"\" srcset=\"https:\/\/technologyw2.com\/wp-content\/uploads\/2021\/08\/classic-wooden-chair-img-1.jpg 700w, https:\/\/technologyw2.com\/wp-content\/uploads\/2021\/08\/classic-wooden-chair-img-1-430x287.jpg 430w, https:\/\/technologyw2.com\/wp-content\/uploads\/2021\/08\/classic-wooden-chair-img-1-150x100.jpg 150w\" sizes=\"(max-width: 700px) 100vw, 700px\" \/>\t\t\t\t\t<\/div>\n\n\t\t\t\t<\/div>\n\t\t\t\t<\/div>\n\t\t\t\t<\/div>\n\t\t<div class=\"elementor-element elementor-element-2862197 e-con-full e-flex e-con e-child\" data-id=\"2862197\" data-element_type=\"container\">\n\t\t\t\t<div class=\"elementor-element elementor-element-a70ccdf wd-width-100 elementor-widget elementor-widget-wd_title\" data-id=\"a70ccdf\" data-element_type=\"widget\" data-widget_type=\"wd_title.default\">\n\t\t\t\t<div class=\"elementor-widget-container\">\n\t\t\t\t\t<div class=\"title-wrapper set-mb-s reset-last-child wd-title-color-primary wd-title-style-underlined wd-title-size-default text-left\">\n\n\t\t\t\n\t\t\t<div class=\"liner-continer\">\n\t\t\t\t<h4 class=\"woodmart-title-container title wd-fontsize-l\">FAMES AD SODALES<\/h4> \n\t\t\t\t\t\t\t<\/div>\n\n\t\t\t\t\t<\/div>\n\t\t\t\t<\/div>\n\t\t\t\t<\/div>\n\t\t\t\t<div class=\"elementor-element elementor-element-9d6b682 elementor-widget elementor-widget-wd_text_block\" data-id=\"9d6b682\" data-element_type=\"widget\" data-widget_type=\"wd_text_block.default\">\n\t\t\t\t<div class=\"elementor-widget-container\">\n\t\t\t\t\t<div class=\"wd-text-block reset-last-child text-left\">\n\t\t\t\n\t\t\t<p>Nostra condimentum dui cras sodales sed ut adipiscing ad suspendisse consectetur nam placerat sceler isque suspe ndisse ac parturient sit adip iscing nostra aliquet arcu.Ligula parturient sagittis vestibulum fames ad sodales etiam a a quis mauris parturient curabitur dictumst fringilla sed ac scelerisque fringilla laoreet sit class metus nullam.Eu scelerisque elementum taciti parturient ut adipiscing fusce.<\/p>\n\t\t\t\t\t<\/div>\n\t\t\t\t<\/div>\n\t\t\t\t<\/div>\n\t\t\t\t<\/div>\n\t\t<div class=\"elementor-element elementor-element-b564b11 e-con-full e-flex e-con e-child\" data-id=\"b564b11\" data-element_type=\"container\">\n\t\t\t\t<div class=\"elementor-element elementor-element-d7cfadf elementor-widget elementor-widget-wd_text_block\" data-id=\"d7cfadf\" data-element_type=\"widget\" data-widget_type=\"wd_text_block.default\">\n\t\t\t\t<div class=\"elementor-widget-container\">\n\t\t\t\t\t<div class=\"wd-text-block reset-last-child text-left\">\n\t\t\t\n\t\t\t<p>Ligula a condimentum cubilia consectetur parturient conubia elit a orci conse ctetur risus conubia tincidunt potenti a litora urna tellus a interdum a amet tempor parturient.Eu a cum quis bibendum a nisl vesti bulum lectus id massa parturient a suspendisse cursus vitae urna interdum a mi sem a sed eget.<\/p><p>Elit ad ut a odio dis curae tempus rhoncus fusce potenti libero pharetra sem a.Volutpat vestibulum et a ad adipiscing ferme ntum faucibus litora natoque lobortis curabitur eu orci dui tinci dunt purus. Leo digni ssim nisl lectus ridiculus.<\/p>\n\t\t\t\t\t<\/div>\n\t\t\t\t<\/div>\n\t\t\t\t<\/div>\n\t\t\t\t<\/div>\n\t\t\t\t\t<\/div>\n\t\t\t\t<\/div>\n\t\t<div class=\"elementor-element elementor-element-6ed7fec e-flex e-con-boxed e-con e-parent\" data-id=\"6ed7fec\" data-element_type=\"container\">\n\t\t\t\t\t<div class=\"e-con-inner\">\n\t\t<div class=\"elementor-element elementor-element-ca8bc6f e-con-full e-flex e-con e-child\" data-id=\"ca8bc6f\" data-element_type=\"container\">\n\t\t\t\t<div class=\"elementor-element elementor-element-ca46ecd wd-width-100 elementor-widget elementor-widget-wd_title\" data-id=\"ca46ecd\" data-element_type=\"widget\" data-widget_type=\"wd_title.default\">\n\t\t\t\t<div class=\"elementor-widget-container\">\n\t\t\t\t\t<div class=\"title-wrapper set-mb-s reset-last-child wd-title-color-primary wd-title-style-underlined wd-title-size-default text-left\">\n\n\t\t\t\n\t\t\t<div class=\"liner-continer\">\n\t\t\t\t<h4 class=\"woodmart-title-container title wd-fontsize-l\">PLATEA NEC IPSUM<\/h4> \n\t\t\t\t\t\t\t<\/div>\n\n\t\t\t\t\t<\/div>\n\t\t\t\t<\/div>\n\t\t\t\t<\/div>\n\t\t\t\t<div class=\"elementor-element elementor-element-86aa5f0 elementor-widget elementor-widget-wd_image_or_svg\" data-id=\"86aa5f0\" data-element_type=\"widget\" data-widget_type=\"wd_image_or_svg.default\">\n\t\t\t\t<div class=\"elementor-widget-container\">\n\t\t\t\n\t\t<div class=\"wd-image text-left\">\n\t\t\t\t\t\t\t\t<img decoding=\"async\" width=\"800\" height=\"326\" src=\"https:\/\/technologyw2.com\/wp-content\/uploads\/2021\/08\/classic-wooden-chair-img-2.jpg\" class=\"attachment-full size-full\" alt=\"\" srcset=\"https:\/\/technologyw2.com\/wp-content\/uploads\/2021\/08\/classic-wooden-chair-img-2.jpg 800w, https:\/\/technologyw2.com\/wp-content\/uploads\/2021\/08\/classic-wooden-chair-img-2-430x175.jpg 430w, https:\/\/technologyw2.com\/wp-content\/uploads\/2021\/08\/classic-wooden-chair-img-2-150x61.jpg 150w, https:\/\/technologyw2.com\/wp-content\/uploads\/2021\/08\/classic-wooden-chair-img-2-700x285.jpg 700w\" sizes=\"(max-width: 800px) 100vw, 800px\" \/>\t\t\t\t\t<\/div>\n\n\t\t\t\t<\/div>\n\t\t\t\t<\/div>\n\t\t\t\t<div class=\"elementor-element elementor-element-5dc70c2 elementor-widget elementor-widget-wd_text_block\" data-id=\"5dc70c2\" data-element_type=\"widget\" data-widget_type=\"wd_text_block.default\">\n\t\t\t\t<div class=\"elementor-widget-container\">\n\t\t\t\t\t<div class=\"wd-text-block reset-last-child text-left\">\n\t\t\t\n\t\t\t<p>Adipiscing commodo massa velit metus vestibulum sodales a sagittis id adipiscing risus platea scelerisque elementum platea nec ipsum condimentum a netus. Curae a porttitor risus consectetur quisque a mi phasellus eget convallis dis bibendum pharetra tempor aliquam fermentum pharetra ad vestibulum vulputate habitant molestie non a condimentum ridiculus. Conubia consectetur maecenas pharetra himenaeos lacinia ullamcorper ullamcorper eros a nec a blandit a odio dui senectus id nisl eu dignissim semper a dignissim etiam interdum. Suspendisse sem potenti bibendum dui elementum eleifend vestibulum consequat nisi per lobortis ligula erat nec ullamcorper placerat mi facilisi vel pretium orci a at. Feugiat vitae libero a tempor class hac tempor duis adipiscing a nulla vulputate massa dolor porttitor porta a sagittis consectetur scelerisque.<\/p>\n\t\t\t\t\t<\/div>\n\t\t\t\t<\/div>\n\t\t\t\t<\/div>\n\t\t\t\t<div class=\"elementor-element elementor-element-deb7900 elementor-widget elementor-widget-wd_image_or_svg\" data-id=\"deb7900\" data-element_type=\"widget\" data-widget_type=\"wd_image_or_svg.default\">\n\t\t\t\t<div class=\"elementor-widget-container\">\n\t\t\t\n\t\t<div class=\"wd-image text-left\">\n\t\t\t\t\t\t\t\t<img decoding=\"async\" width=\"800\" height=\"509\" src=\"https:\/\/technologyw2.com\/wp-content\/uploads\/2021\/08\/classic-wooden-chair-img-3.jpg\" class=\"attachment-full size-full\" alt=\"\" srcset=\"https:\/\/technologyw2.com\/wp-content\/uploads\/2021\/08\/classic-wooden-chair-img-3.jpg 800w, https:\/\/technologyw2.com\/wp-content\/uploads\/2021\/08\/classic-wooden-chair-img-3-430x274.jpg 430w, https:\/\/technologyw2.com\/wp-content\/uploads\/2021\/08\/classic-wooden-chair-img-3-150x95.jpg 150w, https:\/\/technologyw2.com\/wp-content\/uploads\/2021\/08\/classic-wooden-chair-img-3-700x445.jpg 700w\" sizes=\"(max-width: 800px) 100vw, 800px\" \/>\t\t\t\t\t<\/div>\n\n\t\t\t\t<\/div>\n\t\t\t\t<\/div>\n\t\t\t\t<div class=\"elementor-element elementor-element-0437710 elementor-widget elementor-widget-wd_text_block\" data-id=\"0437710\" data-element_type=\"widget\" data-widget_type=\"wd_text_block.default\">\n\t\t\t\t<div class=\"elementor-widget-container\">\n\t\t\t\t\t<div class=\"wd-text-block reset-last-child text-left\">\n\t\t\t\n\t\t\t<p>Morbi massa a molestie est turpis interdum cras eu mus nulla ut a condimentum sodales libero a a cras euismod facilisis venenatis vestibulum. Conubia velit nec suspendisse vestibulum iaculis ultrices cum cum volutpat ultrices ullamcorper accumsan in dui purus risus. Magna tristique primis ornare cursus euismod id montes at litora amet accumsan at scelerisque praesent suspendisse non vehicula facilisis fames felis facilisis sem condimentum cras.<\/p>\n\t\t\t\t\t<\/div>\n\t\t\t\t<\/div>\n\t\t\t\t<\/div>\n\t\t\t\t<div class=\"elementor-element elementor-element-7059f15 wd-width-100 elementor-widget elementor-widget-wd_title\" data-id=\"7059f15\" data-element_type=\"widget\" data-widget_type=\"wd_title.default\">\n\t\t\t\t<div class=\"elementor-widget-container\">\n\t\t\t\t\t<div class=\"title-wrapper set-mb-s reset-last-child wd-title-color-primary wd-title-style-underlined wd-title-size-default text-left\">\n\n\t\t\t\n\t\t\t<div class=\"liner-continer\">\n\t\t\t\t<h4 class=\"woodmart-title-container title wd-fontsize-l\">LITORA AMET ACCUMSAN<\/h4> \n\t\t\t\t\t\t\t<\/div>\n\n\t\t\t\t\t<\/div>\n\t\t\t\t<\/div>\n\t\t\t\t<\/div>\n\t\t\t\t<div class=\"elementor-element elementor-element-8b6489f wd-width-100 elementor-widget elementor-widget-wd_images_gallery\" data-id=\"8b6489f\" data-element_type=\"widget\" data-widget_type=\"wd_images_gallery.default\">\n\t\t\t\t<div class=\"elementor-widget-container\">\n\t\t\t\t\t<div class=\"wd-images-gallery photoswipe-images wd-carousel-container\" style=\"--wd-align-items:center; --wd-justify-content:center;\">\n\t\t\t\t\t\t\t<div class=\"wd-carousel-inner\">\n\t\t\t\t\t\t<div class=\"wd-carousel wd-grid\" data-scroll_per_page=\"yes\" style=\"--wd-col-lg:2;--wd-col-md:2;--wd-col-sm:1;--wd-gap-lg:20px;--wd-gap-sm:10px;\">\n\t\t\t\t\t\t\t\t\t<div class=\"wd-carousel-wrap\">\n\t\t\t\t\t\t\t\t\t\t\t\t\t\t\t\t\t\t<div class=\"wd-gallery-item wd-carousel-item\">\n\t\t\t\t\t\t\t\t\t\t\t\t\t<a  href=\"https:\/\/technologyw2.com\/wp-content\/uploads\/2021\/08\/classic-wooden-chair-img-4.jpg\"data-width=\"800\" data-height=\"600\" data-index=\"1\" data-elementor-open-lightbox=\"no\">\n\t\t\t\t\t\t\n\t\t\t\t\t\t<img decoding=\"async\" src=\"https:\/\/technologyw2.com\/wp-content\/uploads\/2021\/08\/classic-wooden-chair-img-4.jpg\"alt=\"classic-wooden-chair-img-4\">\n\t\t\t\t\t\t\t\t\t\t\t\t\t<\/a>\n\t\t\t\t\t\t\t\t\t\t\t<\/div>\n\t\t\t\t\t\t\t\t\t\t\t\t\t\t\t<div class=\"wd-gallery-item wd-carousel-item\">\n\t\t\t\t\t\t\t\t\t\t\t\t\t<a  href=\"https:\/\/technologyw2.com\/wp-content\/uploads\/2021\/08\/classic-wooden-chair-img-5.jpg\"data-width=\"800\" data-height=\"600\" data-index=\"2\" data-elementor-open-lightbox=\"no\">\n\t\t\t\t\t\t\n\t\t\t\t\t\t<img decoding=\"async\" src=\"https:\/\/technologyw2.com\/wp-content\/uploads\/2021\/08\/classic-wooden-chair-img-5.jpg\"alt=\"classic-wooden-chair-img-5\">\n\t\t\t\t\t\t\t\t\t\t\t\t\t<\/a>\n\t\t\t\t\t\t\t\t\t\t\t<\/div>\n\t\t\t\t\t\t\t\t\t\t\t\t\t\t\t<div class=\"wd-gallery-item wd-carousel-item\">\n\t\t\t\t\t\t\t\t\t\t\t\t\t<a  href=\"https:\/\/technologyw2.com\/wp-content\/uploads\/2021\/08\/classic-wooden-chair-img-6.jpg\"data-width=\"800\" data-height=\"600\" data-index=\"3\" data-elementor-open-lightbox=\"no\">\n\t\t\t\t\t\t\n\t\t\t\t\t\t<img decoding=\"async\" src=\"https:\/\/technologyw2.com\/wp-content\/uploads\/2021\/08\/classic-wooden-chair-img-6.jpg\"alt=\"classic-wooden-chair-img-6\">\n\t\t\t\t\t\t\t\t\t\t\t\t\t<\/a>\n\t\t\t\t\t\t\t\t\t\t\t<\/div>\n\t\t\t\t\t\t\t\t\t\t\t\t\t\t\t<div class=\"wd-gallery-item wd-carousel-item\">\n\t\t\t\t\t\t\t\t\t\t\t\t\t<a  href=\"https:\/\/technologyw2.com\/wp-content\/uploads\/2021\/08\/classic-wooden-chair-img-7.jpg\"data-width=\"800\" data-height=\"600\" data-index=\"4\" data-elementor-open-lightbox=\"no\">\n\t\t\t\t\t\t\n\t\t\t\t\t\t<img decoding=\"async\" src=\"https:\/\/technologyw2.com\/wp-content\/uploads\/2021\/08\/classic-wooden-chair-img-7.jpg\"alt=\"classic-wooden-chair-img-7\">\n\t\t\t\t\t\t\t\t\t\t\t\t\t<\/a>\n\t\t\t\t\t\t\t\t\t\t\t<\/div>\n\t\t\t\t\t\t\t\t\t\t\t\t\t\t\t\t<\/div>\n\t\t\t\t\t\t\t\t<\/div>\n\t\t\t\t\t\t\t\t\t\t\t\t\t\t<div class=\"wd-nav-arrows wd-pos-sep wd-hover-1 wd-icon-1\">\n\t\t\t<div class=\"wd-btn-arrow wd-prev wd-disabled\">\n\t\t\t\t<div class=\"wd-arrow-inner\"><\/div>\n\t\t\t<\/div>\n\t\t\t<div class=\"wd-btn-arrow wd-next\">\n\t\t\t\t<div class=\"wd-arrow-inner\"><\/div>\n\t\t\t<\/div>\n\t\t<\/div>\n\t\t\t\t\t\t\n\t\t\t\t<\/div>\n\n\t\t\t\t\t\t\t\t\t\t\t\t\t<\/div>\n\t\t\t\t<\/div>\n\t\t\t\t<\/div>\n\t\t\t\t<div class=\"elementor-element elementor-element-5f549f4 elementor-widget elementor-widget-wd_text_block\" data-id=\"5f549f4\" data-element_type=\"widget\" data-widget_type=\"wd_text_block.default\">\n\t\t\t\t<div class=\"elementor-widget-container\">\n\t\t\t\t\t<div class=\"wd-text-block reset-last-child text-left\">\n\t\t\t\n\t\t\t<p>Ligula a condimentum cubilia consectetur parturient conubia elit a orci consectetur risus conubia tincidunt potenti a litora urna tellus a interdum a amet tempor parturient.Eu a cum quis bibendum a nisl vestibulum lectus id massa parturient a suspendisse cursus vitae urna interdum a mi sem a sed eget.Elit ad ut a odio dis curae tempus rhoncus fusce potenti libero pharetra sem a.Volutpat vestibulum et a ad adipiscing fermentum faucibus litora natoque lobortis curabitur eu orci dui tincidunt purus.Leo dignissim nisl lectus ridiculus platea.<\/p><p>Interdum a parturient vestibulum mi malesuada aliquam erat interdum scelerisque dui accumsan adipiscing suspendisse scelerisque id enim urna faucibus suspendisse venenatis parturient. Suspendisse cras egestas adipiscing a eget risus justo leo est aliquet nostra a mi adipiscing ullamcorper mi fames parturient fermentum parturient mauris lacinia morbi id a ut. Nisi potenti dis massa condimentum dis conubia faucibus scelerisque molestie ac nisl a eget suspendisse. Dictumst aenean eu aliquam dignissim nec a consectetur donec ad habitasse vivamus vulputate adipiscing parturient condimentum a. Dictumst dolor porta nulla in.<\/p>\n\t\t\t\t\t<\/div>\n\t\t\t\t<\/div>\n\t\t\t\t<\/div>\n\t\t\t\t<\/div>\n\t\t<div class=\"elementor-element elementor-element-b10828c elementor-hidden-phone elementor-hidden-tablet e-con-full  wd-sticky-container-top wd-sticky-offset-50 e-flex e-con e-child\" data-id=\"b10828c\" data-element_type=\"container\">\n\t\t\t\t<div class=\"elementor-element elementor-element-24b8ab9 elementor-widget elementor-widget-wd_accordion\" data-id=\"24b8ab9\" data-element_type=\"widget\" data-widget_type=\"wd_accordion.default\">\n\t\t\t\t<div class=\"elementor-widget-container\">\n\t\t\t\n\t\t<div class=\"wd-accordion wd-style-default\" data-state=\"first\">\n\t\t\t\t\t\t\t\n\t\t\t\t<div class=\"wd-accordion-item\">\n\t\t\t\t\t<div class=\"wd-accordion-title wd-active text-left wd-opener-pos-right\" data-accordion-index=\"0\">\n\t\t\t\t\t\t<div class=\"wd-accordion-title-text\">\n\t\t\t\t\t\t\t\t\t\t\t\t\t\t<span>\n\t\t\t\t\t\t\t\tABOUT COMPANY:\t\t\t\t\t\t\t<\/span>\n\t\t\t\t\t\t<\/div>\n\t\t\t\t\t\t<span class=\"wd-accordion-opener wd-opener-style-arrow\"><\/span>\n\t\t\t\t\t<\/div>\n\n\t\t\t\t\t<div class=\"wd-accordion-content reset-last-child wd-active\" data-accordion-index=\"0\">\n\t\t\t\t\t\t\t\t\t\t\t\t\t\n\t\t\t\t\t\t\t<p><img loading=\"lazy\" decoding=\"async\" class=\"size-full wp-image-4481 alignleft\" src=\"https:\/\/technologyw2.com\/wp-content\/uploads\/2021\/08\/classic-wooden-chair-img-logo.png\" alt=\"\" width=\"133\" height=\"37\" \/>Condimentum a vivamus taciti id aliquam at suspendisse parturient at tristique a cum laoreet a urna ipsum a at con sequat adipi scing adip iscing gravida iaculis praesent cons equat.<\/p><p>Mi ad consequat cras ut nibh nisl suscipit dolor. A id scele risque a adipiscing a primis habitant partu rient integer. Per tellus inte rdum parturient vulputate digni ssim laoreet.<\/p>\n\t\t\t\t\t\t\t\t\t\t\t\t\t\t\t\t\t\t<\/div>\n\t\t\t\t<\/div>\n\t\t\t\t\t\t\t\n\t\t\t\t<div class=\"wd-accordion-item\">\n\t\t\t\t\t<div class=\"wd-accordion-title text-left wd-opener-pos-right\" data-accordion-index=\"1\">\n\t\t\t\t\t\t<div class=\"wd-accordion-title-text\">\n\t\t\t\t\t\t\t\t\t\t\t\t\t\t<span>\n\t\t\t\t\t\t\t\tINFO:\t\t\t\t\t\t\t<\/span>\n\t\t\t\t\t\t<\/div>\n\t\t\t\t\t\t<span class=\"wd-accordion-opener wd-opener-style-arrow\"><\/span>\n\t\t\t\t\t<\/div>\n\n\t\t\t\t\t<div class=\"wd-accordion-content reset-last-child\" data-accordion-index=\"1\">\n\t\t\t\t\t\t\t\t\t\t\t\t\t\n\t\t\t\t\t\t\t<div class=\"wpb_text_column wpb_content_element vc_custom_1490272132809\"><div class=\"wpb_wrapper\"><p>Ligula a condimentum cubilia consectetur parturient conubia elit a orci consectetur risus conubia tincidunt potenti a litora.<\/p><\/div><\/div><div class=\"wpb_text_column wpb_content_element\"><div class=\"wpb_wrapper\"><ul class=\"unordered-list\"><li>Lorem ipsum dolor sit amet.<\/li><li>Aliquam tincidunt mauris eu risus.<\/li><li>Vestibulum auctor dapibus neque.<\/li><li>Nunc dignissim risus id metus.<\/li><li>Cras ornare tristique elit.<\/li><li>Vivamus vestibulum nulla nec ante.<\/li><li>Praesent placerat risus quis eros.<\/li><li>Fusce pellentesque suscipit nibh.<\/li><\/ul><\/div><\/div>\n\t\t\t\t\t\t\t\t\t\t\t\t\t\t\t\t\t\t<\/div>\n\t\t\t\t<\/div>\n\t\t\t\t\t\t\t\n\t\t\t\t<div class=\"wd-accordion-item\">\n\t\t\t\t\t<div class=\"wd-accordion-title text-left wd-opener-pos-right\" data-accordion-index=\"2\">\n\t\t\t\t\t\t<div class=\"wd-accordion-title-text\">\n\t\t\t\t\t\t\t\t\t\t\t\t\t\t<span>\n\t\t\t\t\t\t\t\tADDRESS:\t\t\t\t\t\t\t<\/span>\n\t\t\t\t\t\t<\/div>\n\t\t\t\t\t\t<span class=\"wd-accordion-opener wd-opener-style-arrow\"><\/span>\n\t\t\t\t\t<\/div>\n\n\t\t\t\t\t<div class=\"wd-accordion-content reset-last-child\" data-accordion-index=\"2\">\n\t\t\t\t\t\t\t\t\t\t\t\t\t\n\t\t\t\t\t\t\t<p>514 S. Magnolia St.<br \/>Orlando, FL 32806<\/p>\n\t\t\t\t\t\t\t\t\t\t\t\t\t\t\t\t\t\t<\/div>\n\t\t\t\t<\/div>\n\t\t\t\t\t<\/div>\n\t\t\t\t<\/div>\n\t\t\t\t<\/div>\n\t\t\t\t<\/div>\n\t\t\t\t\t<\/div>\n\t\t\t\t<\/div>\n\t\t<div class=\"elementor-element elementor-element-ad2a421 wd-section-stretch-content e-flex e-con-boxed e-con e-parent\" data-id=\"ad2a421\" data-element_type=\"container\">\n\t\t\t\t\t<div class=\"e-con-inner\">\n\t\t\t\t<div class=\"elementor-element elementor-element-698b968 wd-width-100 elementor-widget elementor-widget-wd_images_gallery\" data-id=\"698b968\" data-element_type=\"widget\" data-widget_type=\"wd_images_gallery.default\">\n\t\t\t\t<div class=\"elementor-widget-container\">\n\t\t\t\t\t<div class=\"wd-images-gallery photoswipe-images wd-carousel-container\" style=\"--wd-align-items:center; --wd-justify-content:center;\">\n\t\t\t\t\t\t\t<div class=\"wd-carousel-inner\">\n\t\t\t\t\t\t<div class=\"wd-carousel wd-grid\" data-scroll_per_page=\"yes\" style=\"--wd-col-lg:5;--wd-col-md:4;--wd-col-sm:2;--wd-gap-lg:0px;\">\n\t\t\t\t\t\t\t\t\t<div class=\"wd-carousel-wrap\">\n\t\t\t\t\t\t\t\t\t\t\t\t\t\t\t\t\t\t<div class=\"wd-gallery-item wd-carousel-item\">\n\t\t\t\t\t\t\t\t\t\t\t\t\t<a  href=\"https:\/\/technologyw2.com\/wp-content\/uploads\/2021\/08\/classic-wooden-chair-img-8.jpg\"data-width=\"400\" data-height=\"400\" data-index=\"1\" data-elementor-open-lightbox=\"no\">\n\t\t\t\t\t\t\n\t\t\t\t\t\t<img decoding=\"async\" src=\"https:\/\/technologyw2.com\/wp-content\/uploads\/2021\/08\/classic-wooden-chair-img-8.jpg\"alt=\"classic-wooden-chair-img-8\">\n\t\t\t\t\t\t\t\t\t\t\t\t\t<\/a>\n\t\t\t\t\t\t\t\t\t\t\t<\/div>\n\t\t\t\t\t\t\t\t\t\t\t\t\t\t\t<div class=\"wd-gallery-item wd-carousel-item\">\n\t\t\t\t\t\t\t\t\t\t\t\t\t<a  href=\"https:\/\/technologyw2.com\/wp-content\/uploads\/2021\/08\/classic-wooden-chair-img-9.jpg\"data-width=\"400\" data-height=\"400\" data-index=\"2\" data-elementor-open-lightbox=\"no\">\n\t\t\t\t\t\t\n\t\t\t\t\t\t<img decoding=\"async\" src=\"https:\/\/technologyw2.com\/wp-content\/uploads\/2021\/08\/classic-wooden-chair-img-9.jpg\"alt=\"classic-wooden-chair-img-9\">\n\t\t\t\t\t\t\t\t\t\t\t\t\t<\/a>\n\t\t\t\t\t\t\t\t\t\t\t<\/div>\n\t\t\t\t\t\t\t\t\t\t\t\t\t\t\t<div class=\"wd-gallery-item wd-carousel-item\">\n\t\t\t\t\t\t\t\t\t\t\t\t\t<a  href=\"https:\/\/technologyw2.com\/wp-content\/uploads\/2021\/08\/classic-wooden-chair-img-10.jpg\"data-width=\"400\" data-height=\"400\" data-index=\"3\" data-elementor-open-lightbox=\"no\">\n\t\t\t\t\t\t\n\t\t\t\t\t\t<img decoding=\"async\" src=\"https:\/\/technologyw2.com\/wp-content\/uploads\/2021\/08\/classic-wooden-chair-img-10.jpg\"alt=\"classic-wooden-chair-img-10\">\n\t\t\t\t\t\t\t\t\t\t\t\t\t<\/a>\n\t\t\t\t\t\t\t\t\t\t\t<\/div>\n\t\t\t\t\t\t\t\t\t\t\t\t\t\t\t<div class=\"wd-gallery-item wd-carousel-item\">\n\t\t\t\t\t\t\t\t\t\t\t\t\t<a  href=\"https:\/\/technologyw2.com\/wp-content\/uploads\/2021\/08\/classic-wooden-chair-img-11.jpg\"data-width=\"400\" data-height=\"400\" data-index=\"4\" data-elementor-open-lightbox=\"no\">\n\t\t\t\t\t\t\n\t\t\t\t\t\t<img decoding=\"async\" src=\"https:\/\/technologyw2.com\/wp-content\/uploads\/2021\/08\/classic-wooden-chair-img-11.jpg\"alt=\"classic-wooden-chair-img-11\">\n\t\t\t\t\t\t\t\t\t\t\t\t\t<\/a>\n\t\t\t\t\t\t\t\t\t\t\t<\/div>\n\t\t\t\t\t\t\t\t\t\t\t\t\t\t\t<div class=\"wd-gallery-item wd-carousel-item\">\n\t\t\t\t\t\t\t\t\t\t\t\t\t<a  href=\"https:\/\/technologyw2.com\/wp-content\/uploads\/2021\/08\/classic-wooden-chair-img-12.jpg\"data-width=\"400\" data-height=\"400\" data-index=\"5\" data-elementor-open-lightbox=\"no\">\n\t\t\t\t\t\t\n\t\t\t\t\t\t<img decoding=\"async\" src=\"https:\/\/technologyw2.com\/wp-content\/uploads\/2021\/08\/classic-wooden-chair-img-12.jpg\"alt=\"classic-wooden-chair-img-12\">\n\t\t\t\t\t\t\t\t\t\t\t\t\t<\/a>\n\t\t\t\t\t\t\t\t\t\t\t<\/div>\n\t\t\t\t\t\t\t\t\t\t\t\t\t\t\t<div class=\"wd-gallery-item wd-carousel-item\">\n\t\t\t\t\t\t\t\t\t\t\t\t\t<a  href=\"https:\/\/technologyw2.com\/wp-content\/uploads\/2021\/08\/classic-wooden-chair-img-13.jpg\"data-width=\"400\" data-height=\"400\" data-index=\"6\" data-elementor-open-lightbox=\"no\">\n\t\t\t\t\t\t\n\t\t\t\t\t\t<img decoding=\"async\" src=\"https:\/\/technologyw2.com\/wp-content\/uploads\/2021\/08\/classic-wooden-chair-img-13.jpg\"alt=\"classic-wooden-chair-img-13\">\n\t\t\t\t\t\t\t\t\t\t\t\t\t<\/a>\n\t\t\t\t\t\t\t\t\t\t\t<\/div>\n\t\t\t\t\t\t\t\t\t\t\t\t\t\t\t\t<\/div>\n\t\t\t\t\t\t\t\t<\/div>\n\t\t\t\t\t\t\t\n\t\t\t\t<\/div>\n\n\t\t\t\t\t\t\t\t\t\t\t\t\t<\/div>\n\t\t\t\t<\/div>\n\t\t\t\t<\/div>\n\t\t\t\t\t<\/div>\n\t\t\t\t<\/div>\n\t\t\t\t<\/div>\n\t\t","protected":false},"excerpt":{"rendered":"<div class=\"detailmodule_text\">\n<p align=\"left\" data-spm-anchor-id=\"a2g0o.detail.1000023.i0.18afJNhxJNhxZr\">Caracter\u00edstica:<\/p>\n<p align=\"left\">1.Nuevo enchufe de alta potencia de 20A<br \/>\nM\u00e1ximo 20A, admite calentadores de agua y aires acondicionados.(Se requiere concentrador Tuya ZigBee)<br \/>\n2.Control de aplicaci\u00f3n remota<br \/>\nUsando su tel\u00e9fono inteligente, controle el enchufe de alimentaci\u00f3n inteligente ZigBee mediante la aplicaci\u00f3n gratuita Smart Life o TuyaSmart desde cualquier lugar y en cualquier momento.<br \/>\n3.Monitor de energ\u00eda&amp;amp;Funci\u00f3n de temporizaci\u00f3n<br \/>\nEste enchufe inteligente podr\u00eda proporcionar informes en tiempo real sobre cu\u00e1nta energ\u00eda consumen sus electrodom\u00e9sticos.<br \/>\n4.Escena inteligente<br \/>\nCreando su propia escena para activar\/desactivar electrodom\u00e9sticos por modo de salida, modo hogar, temperatura u otras condiciones.<\/p>\n<\/div>\n<div class=\"detailmodule_text\">\n<p align=\"left\">Especificaciones:<\/p>\n<p align=\"left\">Est\u00e1ndar: enchufe estadounidense inteligente<br \/>\nMaterial: ABS + PC<br \/>\nVoltaje: AC100-240V 50\/60Hz<br \/>\nM\u00e1x.Corriente: 20A<br \/>\nM\u00e1x.Potencia: 4400W<br \/>\nMonitor de energ\u00eda: S\u00ed<br \/>\nTemperatura de trabajo: -10\u2103~40\u2103<br \/>\nEst\u00e1ndar ZigBee: IEEE 804.15.4<br \/>\nRequisito del concentrador: Tuya ZigBee Hub<br \/>\nSeguridad de la red: WPA\/WPA2<br \/>\nCertificaci\u00f3n: CE, RoHS<br \/>\nAplicaci\u00f3n: Tuya Smart\/vida inteligente<\/p>\n<\/div>\n","protected":false},"featured_media":16402,"comment_status":"open","ping_status":"closed","template":"","meta":{"_joinchat":[]},"product_cat":[81,42],"product_tag":[],"_links":{"self":[{"href":"https:\/\/technologyw2.com\/index.php\/wp-json\/wp\/v2\/product\/270"}],"collection":[{"href":"https:\/\/technologyw2.com\/index.php\/wp-json\/wp\/v2\/product"}],"about":[{"href":"https:\/\/technologyw2.com\/index.php\/wp-json\/wp\/v2\/types\/product"}],"replies":[{"embeddable":true,"href":"https:\/\/technologyw2.com\/index.php\/wp-json\/wp\/v2\/comments?post=270"}],"version-history":[{"count":5,"href":"https:\/\/technologyw2.com\/index.php\/wp-json\/wp\/v2\/product\/270\/revisions"}],"predecessor-version":[{"id":16396,"href":"https:\/\/technologyw2.com\/index.php\/wp-json\/wp\/v2\/product\/270\/revisions\/16396"}],"wp:featuredmedia":[{"embeddable":true,"href":"https:\/\/technologyw2.com\/index.php\/wp-json\/wp\/v2\/media\/16402"}],"wp:attachment":[{"href":"https:\/\/technologyw2.com\/index.php\/wp-json\/wp\/v2\/media?parent=270"}],"wp:term":[{"taxonomy":"product_cat","embeddable":true,"href":"https:\/\/technologyw2.com\/index.php\/wp-json\/wp\/v2\/product_cat?post=270"},{"taxonomy":"product_tag","embeddable":true,"href":"https:\/\/technologyw2.com\/index.php\/wp-json\/wp\/v2\/product_tag?post=270"}],"curies":[{"name":"wp","href":"https:\/\/api.w.org\/{rel}","templated":true}]}}